{"id":86,"date":"2025-11-27T00:01:04","date_gmt":"2025-11-27T00:01:04","guid":{"rendered":"https:\/\/www.abogadoinmobiliariourbanismo.com\/?page_id=86"},"modified":"2025-12-08T20:33:18","modified_gmt":"2025-12-08T20:33:18","slug":"blog-de-noticias-inmobiliarias","status":"publish","type":"page","link":"https:\/\/www.abogadoinmobiliariourbanismo.com\/ca\/blog-de-noticias-inmobiliarias\/","title":{"rendered":"Blog de not\u00edcies immobili\u00e0ries"},"content":{"rendered":"<figure class=\"wp-block-image size-large\"><img loading=\"lazy\" decoding=\"async\" width=\"1024\" height=\"683\" src=\"https:\/\/www.abogadoinmobiliariourbanismo.com\/wp-content\/uploads\/2025\/12\/noticias-1024x683.png\" alt=\"blog de noticias inmobiliarias\" class=\"wp-image-314\" srcset=\"https:\/\/www.abogadoinmobiliariourbanismo.com\/wp-content\/uploads\/2025\/12\/noticias-1024x683.png 1024w, https:\/\/www.abogadoinmobiliariourbanismo.com\/wp-content\/uploads\/2025\/12\/noticias-300x200.png 300w, https:\/\/www.abogadoinmobiliariourbanismo.com\/wp-content\/uploads\/2025\/12\/noticias-768x512.png 768w, https:\/\/www.abogadoinmobiliariourbanismo.com\/wp-content\/uploads\/2025\/12\/noticias-18x12.png 18w, https:\/\/www.abogadoinmobiliariourbanismo.com\/wp-content\/uploads\/2025\/12\/noticias.png 1536w\" sizes=\"auto, (max-width: 767px) 89vw, (max-width: 1000px) 54vw, (max-width: 1071px) 543px, 580px\" \/><\/figure>\n\n\n\n<p><\/p>\n\n\n\n<p>En el nostre comprom\u00eds per oferir informaci\u00f3 \u00fatil i actualitzada, hem decidit ampliar els continguts del blog amb una nova secci\u00f3 anomenada <strong>Blog de not\u00edcies immobili\u00e0ries<\/strong>.<\/p>\n\n\n\n<ul class=\"wp-block-list\">\n<li><strong>Not\u00edcies rellevants<\/strong>&nbsp;sobre normativa urban\u00edstica i canvis legislatius que afecten el sector immobiliari.<\/li>\n\n\n\n<li><strong>An\u00e0lisi aplicats<\/strong>&nbsp;de casos i tend\u00e8ncies que impacten en la compravenda, els arrendaments i la gesti\u00f3 de propietats\u201d<\/li>\n\n\n\n<li><strong>Actualitzacions sobre plans urban\u00edstics<\/strong>&nbsp;i projectes que modelen les nostres ciutats<\/li>\n\n\n\n<li><strong>Consideracions jur\u00eddiques<\/strong>&nbsp;dirigides a professionals, inversors i ciutadans amb inter\u00e8s a aprofundir en els seus drets i obligacions\u201d<\/li>\n<\/ul>\n\n\n\n<p>El mercat immobiliari i l\u2019urbanisme s\u00f3n \u00e0rees en constant evoluci\u00f3. Les decisions pol\u00edtiques, els canvis normatius i les din\u00e0miques socials influeixen directament en la manera com habitem, invertim i desenvolupem les nostres ciutats. Disposar d\u2019informaci\u00f3 clara i accessible \u00e9s clau per prendre decisions segures i estrat\u00e8giques.<\/p>\n\n\n\n<p>Volem que aquesta secci\u00f3 esdevingui un espai de refer\u00e8ncia per a les persones que cerquen&nbsp;<strong>fiabilitat, claredat i confian\u00e7a<\/strong>&nbsp;sobre q\u00fcestions jur\u00eddiques vinculades al sector immobiliari.<\/p>\n\n\n\n<p>\ud83d\udd17 Per estar al dia de l\u2019actualitat normativa, pots consultar tamb\u00e9 <a href=\"https:\/\/elpais.com\/noticias\/legislacion-urbanistica\/\">Legislaci\u00f3 urban\u00edstica a EL PA\u00cdS<\/a>.<\/p>\n\n\n<ul class=\"wp-block-latest-posts__list has-dates wp-block-latest-posts\"><li><a class=\"wp-block-latest-posts__post-title\" href=\"https:\/\/www.abogadoinmobiliariourbanismo.com\/ca\/%f0%9f%93%a2-la-feria-inmobiliaria-the-district-se-traslada-de-barcelona-a-madrid\/\">\ud83d\udce2 La fira immobili\u00e0ria The District es trasllada de Barcelona a Madrid<\/a><time datetime=\"2025-12-06T23:47:05+00:00\" class=\"wp-block-latest-posts__post-date\">desembre 6, 2025<\/time><div class=\"wp-block-latest-posts__post-excerpt\">Despr\u00e9s de quatre edicions a Barcelona, The District, una de les trobades m\u00e9s rellevants del sector immobiliari a Europa, celebrar\u00e0 la seva pr\u00f2xima edici\u00f3 a Madrid (IFEMA, setembre de 2026). \ud83d\udd0e Claus del trasllat \ud83d\udcca Impacte \ud83d\udca1 Reflexi\u00f3 Aquest moviment no nom\u00e9s afecta el sector immobiliari: tamb\u00e9 planteja preguntes sobre la credibilitat i l\u2019atractiu de les ciutats com\u2026 <p class=\"link-more\"><a href=\"https:\/\/www.abogadoinmobiliariourbanismo.com\/ca\/%f0%9f%93%a2-la-feria-inmobiliaria-the-district-se-traslada-de-barcelona-a-madrid\/\" class=\"more-link\">Continua llegint <span class=\"screen-reader-text\">\u00ab&#x1f4e2; La feria inmobiliaria The District se traslada de Barcelona a Madrid\u00bb<\/span><\/a><\/p><\/div><\/li>\n<\/ul>","protected":false},"excerpt":{"rendered":"<p>En nuestro compromiso por ofrecer informaci\u00f3n \u00fatil y actualizada, hemos decidido ampliar los contenidos del blog con una nueva secci\u00f3n llamada Blog de noticias inmobiliarias. El mercado inmobiliario y el urbanismo son \u00e1reas en constante evoluci\u00f3n. Las decisiones pol\u00edticas, los cambios normativos y las din\u00e1micas sociales influyen directamente en la forma en que habitamos, invertimos &hellip; <\/p>\n<p class=\"link-more\"><a href=\"https:\/\/www.abogadoinmobiliariourbanismo.com\/ca\/blog-de-noticias-inmobiliarias\/\" class=\"more-link\">Continua llegint <span class=\"screen-reader-text\">\u00abBlog de noticias inmobiliarias\u00bb<\/span><\/a><\/p>","protected":false},"author":1,"featured_media":0,"parent":0,"menu_order":0,"comment_status":"closed","ping_status":"closed","template":"","meta":{"footnotes":""},"class_list":["post-86","page","type-page","status-publish","hentry"],"yoast_head":"<!-- This site is optimized with the Yoast SEO plugin v27.0 - https:\/\/yoast.com\/product\/yoast-seo-wordpress\/ -->\n<title>Blog de noticias inmobiliarias - Alexandra D\u00edaz V\u00e1zquez<\/title>\n<meta name=\"description\" content=\"Nuestro compromiso por ofrecer informaci\u00f3n \u00fatil y actualizada, hemos a\u00f1adido una nueva secci\u00f3n dedicada al Derecho Inmobiliario y Urbanismo.\" \/>\n<meta name=\"robots\" content=\"index, follow, max-snippet:-1, max-image-preview:large, max-video-preview:-1\" \/>\n<link rel=\"canonical\" href=\"https:\/\/www.abogadoinmobiliariourbanismo.com\/ca\/blog-de-noticias-inmobiliarias\/\" \/>\n<meta property=\"og:locale\" content=\"ca_ES\" \/>\n<meta property=\"og:type\" content=\"article\" \/>\n<meta property=\"og:title\" content=\"Blog de noticias inmobiliarias - Alexandra D\u00edaz V\u00e1zquez\" \/>\n<meta property=\"og:description\" content=\"Nuestro compromiso por ofrecer informaci\u00f3n \u00fatil y actualizada, hemos a\u00f1adido una nueva secci\u00f3n dedicada al Derecho Inmobiliario y Urbanismo.\" \/>\n<meta property=\"og:url\" content=\"https:\/\/www.abogadoinmobiliariourbanismo.com\/ca\/blog-de-noticias-inmobiliarias\/\" \/>\n<meta property=\"og:site_name\" content=\"Alexandra D\u00edaz V\u00e1zquez\" \/>\n<meta property=\"article:modified_time\" content=\"2025-12-08T20:33:18+00:00\" \/>\n<meta property=\"og:image\" content=\"https:\/\/www.abogadoinmobiliariourbanismo.com\/wp-content\/uploads\/2025\/12\/noticias-1024x683.png\" \/>\n\t<meta property=\"og:image:width\" content=\"1024\" \/>\n\t<meta property=\"og:image:height\" content=\"683\" \/>\n\t<meta property=\"og:image:type\" content=\"image\/png\" \/>\n<meta name=\"twitter:card\" content=\"summary_large_image\" \/>\n<meta name=\"twitter:label1\" content=\"Temps estimat de lectura\" \/>\n\t<meta name=\"twitter:data1\" content=\"1 minut\" \/>\n<script type=\"application\/ld+json\" class=\"yoast-schema-graph\">{\"@context\":\"https:\/\/schema.org\",\"@graph\":[{\"@type\":\"WebPage\",\"@id\":\"https:\/\/www.abogadoinmobiliariourbanismo.com\/blog-de-noticias-inmobiliarias\/\",\"url\":\"https:\/\/www.abogadoinmobiliariourbanismo.com\/blog-de-noticias-inmobiliarias\/\",\"name\":\"Blog de noticias inmobiliarias - Alexandra D\u00edaz V\u00e1zquez\",\"isPartOf\":{\"@id\":\"https:\/\/www.abogadoinmobiliariourbanismo.com\/#website\"},\"primaryImageOfPage\":{\"@id\":\"https:\/\/www.abogadoinmobiliariourbanismo.com\/blog-de-noticias-inmobiliarias\/#primaryimage\"},\"image\":{\"@id\":\"https:\/\/www.abogadoinmobiliariourbanismo.com\/blog-de-noticias-inmobiliarias\/#primaryimage\"},\"thumbnailUrl\":\"https:\/\/www.abogadoinmobiliariourbanismo.com\/wp-content\/uploads\/2025\/12\/noticias-1024x683.png\",\"datePublished\":\"2025-11-27T00:01:04+00:00\",\"dateModified\":\"2025-12-08T20:33:18+00:00\",\"description\":\"Nuestro compromiso por ofrecer informaci\u00f3n \u00fatil y actualizada, hemos a\u00f1adido una nueva secci\u00f3n dedicada al Derecho Inmobiliario y Urbanismo.\",\"breadcrumb\":{\"@id\":\"https:\/\/www.abogadoinmobiliariourbanismo.com\/blog-de-noticias-inmobiliarias\/#breadcrumb\"},\"inLanguage\":\"ca\",\"potentialAction\":[{\"@type\":\"ReadAction\",\"target\":[\"https:\/\/www.abogadoinmobiliariourbanismo.com\/blog-de-noticias-inmobiliarias\/\"]}]},{\"@type\":\"ImageObject\",\"inLanguage\":\"ca\",\"@id\":\"https:\/\/www.abogadoinmobiliariourbanismo.com\/blog-de-noticias-inmobiliarias\/#primaryimage\",\"url\":\"https:\/\/www.abogadoinmobiliariourbanismo.com\/wp-content\/uploads\/2025\/12\/noticias-1024x683.png\",\"contentUrl\":\"https:\/\/www.abogadoinmobiliariourbanismo.com\/wp-content\/uploads\/2025\/12\/noticias-1024x683.png\"},{\"@type\":\"BreadcrumbList\",\"@id\":\"https:\/\/www.abogadoinmobiliariourbanismo.com\/blog-de-noticias-inmobiliarias\/#breadcrumb\",\"itemListElement\":[{\"@type\":\"ListItem\",\"position\":1,\"name\":\"Portada\",\"item\":\"https:\/\/www.abogadoinmobiliariourbanismo.com\/\"},{\"@type\":\"ListItem\",\"position\":2,\"name\":\"Blog de noticias inmobiliarias\"}]},{\"@type\":\"WebSite\",\"@id\":\"https:\/\/www.abogadoinmobiliariourbanismo.com\/#website\",\"url\":\"https:\/\/www.abogadoinmobiliariourbanismo.com\/\",\"name\":\"Abogada especialista\",\"description\":\"Especialista en derecho inmobiliario, urbanismo y herencias\",\"publisher\":{\"@id\":\"https:\/\/www.abogadoinmobiliariourbanismo.com\/#organization\"},\"potentialAction\":[{\"@type\":\"SearchAction\",\"target\":{\"@type\":\"EntryPoint\",\"urlTemplate\":\"https:\/\/www.abogadoinmobiliariourbanismo.com\/?s={search_term_string}\"},\"query-input\":{\"@type\":\"PropertyValueSpecification\",\"valueRequired\":true,\"valueName\":\"search_term_string\"}}],\"inLanguage\":\"ca\"},{\"@type\":\"Organization\",\"@id\":\"https:\/\/www.abogadoinmobiliariourbanismo.com\/#organization\",\"name\":\"Abogada especialista\",\"url\":\"https:\/\/www.abogadoinmobiliariourbanismo.com\/\",\"logo\":{\"@type\":\"ImageObject\",\"inLanguage\":\"ca\",\"@id\":\"https:\/\/www.abogadoinmobiliariourbanismo.com\/#\/schema\/logo\/image\/\",\"url\":\"https:\/\/www.abogadoinmobiliariourbanismo.com\/wp-content\/uploads\/2025\/12\/cropped-icono-sin-letras.png\",\"contentUrl\":\"https:\/\/www.abogadoinmobiliariourbanismo.com\/wp-content\/uploads\/2025\/12\/cropped-icono-sin-letras.png\",\"width\":250,\"height\":250,\"caption\":\"Abogada especialista\"},\"image\":{\"@id\":\"https:\/\/www.abogadoinmobiliariourbanismo.com\/#\/schema\/logo\/image\/\"}}]}<\/script>\n<!-- \/ Yoast SEO plugin. -->","yoast_head_json":{"title":"Blog de noticias inmobiliarias - Alexandra D\u00edaz V\u00e1zquez","description":"Nuestro compromiso por ofrecer informaci\u00f3n \u00fatil y actualizada, hemos a\u00f1adido una nueva secci\u00f3n dedicada al Derecho Inmobiliario y Urbanismo.","robots":{"index":"index","follow":"follow","max-snippet":"max-snippet:-1","max-image-preview":"max-image-preview:large","max-video-preview":"max-video-preview:-1"},"canonical":"https:\/\/www.abogadoinmobiliariourbanismo.com\/ca\/blog-de-noticias-inmobiliarias\/","og_locale":"ca_ES","og_type":"article","og_title":"Blog de noticias inmobiliarias - Alexandra D\u00edaz V\u00e1zquez","og_description":"Nuestro compromiso por ofrecer informaci\u00f3n \u00fatil y actualizada, hemos a\u00f1adido una nueva secci\u00f3n dedicada al Derecho Inmobiliario y Urbanismo.","og_url":"https:\/\/www.abogadoinmobiliariourbanismo.com\/ca\/blog-de-noticias-inmobiliarias\/","og_site_name":"Alexandra D\u00edaz V\u00e1zquez","article_modified_time":"2025-12-08T20:33:18+00:00","og_image":[{"width":1024,"height":683,"url":"https:\/\/www.abogadoinmobiliariourbanismo.com\/wp-content\/uploads\/2025\/12\/noticias-1024x683.png","type":"image\/png"}],"twitter_card":"summary_large_image","twitter_misc":{"Temps estimat de lectura":"1 minut"},"schema":{"@context":"https:\/\/schema.org","@graph":[{"@type":"WebPage","@id":"https:\/\/www.abogadoinmobiliariourbanismo.com\/blog-de-noticias-inmobiliarias\/","url":"https:\/\/www.abogadoinmobiliariourbanismo.com\/blog-de-noticias-inmobiliarias\/","name":"Blog de noticias inmobiliarias - Alexandra D\u00edaz V\u00e1zquez","isPartOf":{"@id":"https:\/\/www.abogadoinmobiliariourbanismo.com\/#website"},"primaryImageOfPage":{"@id":"https:\/\/www.abogadoinmobiliariourbanismo.com\/blog-de-noticias-inmobiliarias\/#primaryimage"},"image":{"@id":"https:\/\/www.abogadoinmobiliariourbanismo.com\/blog-de-noticias-inmobiliarias\/#primaryimage"},"thumbnailUrl":"https:\/\/www.abogadoinmobiliariourbanismo.com\/wp-content\/uploads\/2025\/12\/noticias-1024x683.png","datePublished":"2025-11-27T00:01:04+00:00","dateModified":"2025-12-08T20:33:18+00:00","description":"Nuestro compromiso por ofrecer informaci\u00f3n \u00fatil y actualizada, hemos a\u00f1adido una nueva secci\u00f3n dedicada al Derecho Inmobiliario y Urbanismo.","breadcrumb":{"@id":"https:\/\/www.abogadoinmobiliariourbanismo.com\/blog-de-noticias-inmobiliarias\/#breadcrumb"},"inLanguage":"ca","potentialAction":[{"@type":"ReadAction","target":["https:\/\/www.abogadoinmobiliariourbanismo.com\/blog-de-noticias-inmobiliarias\/"]}]},{"@type":"ImageObject","inLanguage":"ca","@id":"https:\/\/www.abogadoinmobiliariourbanismo.com\/blog-de-noticias-inmobiliarias\/#primaryimage","url":"https:\/\/www.abogadoinmobiliariourbanismo.com\/wp-content\/uploads\/2025\/12\/noticias-1024x683.png","contentUrl":"https:\/\/www.abogadoinmobiliariourbanismo.com\/wp-content\/uploads\/2025\/12\/noticias-1024x683.png"},{"@type":"BreadcrumbList","@id":"https:\/\/www.abogadoinmobiliariourbanismo.com\/blog-de-noticias-inmobiliarias\/#breadcrumb","itemListElement":[{"@type":"ListItem","position":1,"name":"Portada","item":"https:\/\/www.abogadoinmobiliariourbanismo.com\/"},{"@type":"ListItem","position":2,"name":"Blog de noticias inmobiliarias"}]},{"@type":"WebSite","@id":"https:\/\/www.abogadoinmobiliariourbanismo.com\/#website","url":"https:\/\/www.abogadoinmobiliariourbanismo.com\/","name":"Advocada especialista","description":"Especialista en dret immobiliari, urbanisme i her\u00e8ncies.","publisher":{"@id":"https:\/\/www.abogadoinmobiliariourbanismo.com\/#organization"},"potentialAction":[{"@type":"SearchAction","target":{"@type":"EntryPoint","urlTemplate":"https:\/\/www.abogadoinmobiliariourbanismo.com\/?s={search_term_string}"},"query-input":{"@type":"PropertyValueSpecification","valueRequired":true,"valueName":"search_term_string"}}],"inLanguage":"ca"},{"@type":"Organization","@id":"https:\/\/www.abogadoinmobiliariourbanismo.com\/#organization","name":"Advocada especialista","url":"https:\/\/www.abogadoinmobiliariourbanismo.com\/","logo":{"@type":"ImageObject","inLanguage":"ca","@id":"https:\/\/www.abogadoinmobiliariourbanismo.com\/#\/schema\/logo\/image\/","url":"https:\/\/www.abogadoinmobiliariourbanismo.com\/wp-content\/uploads\/2025\/12\/cropped-icono-sin-letras.png","contentUrl":"https:\/\/www.abogadoinmobiliariourbanismo.com\/wp-content\/uploads\/2025\/12\/cropped-icono-sin-letras.png","width":250,"height":250,"caption":"Abogada especialista"},"image":{"@id":"https:\/\/www.abogadoinmobiliariourbanismo.com\/#\/schema\/logo\/image\/"}}]}},"_links":{"self":[{"href":"https:\/\/www.abogadoinmobiliariourbanismo.com\/ca\/wp-json\/wp\/v2\/pages\/86","targetHints":{"allow":["GET"]}}],"collection":[{"href":"https:\/\/www.abogadoinmobiliariourbanismo.com\/ca\/wp-json\/wp\/v2\/pages"}],"about":[{"href":"https:\/\/www.abogadoinmobiliariourbanismo.com\/ca\/wp-json\/wp\/v2\/types\/page"}],"author":[{"embeddable":true,"href":"https:\/\/www.abogadoinmobiliariourbanismo.com\/ca\/wp-json\/wp\/v2\/users\/1"}],"replies":[{"embeddable":true,"href":"https:\/\/www.abogadoinmobiliariourbanismo.com\/ca\/wp-json\/wp\/v2\/comments?post=86"}],"version-history":[{"count":18,"href":"https:\/\/www.abogadoinmobiliariourbanismo.com\/ca\/wp-json\/wp\/v2\/pages\/86\/revisions"}],"predecessor-version":[{"id":324,"href":"https:\/\/www.abogadoinmobiliariourbanismo.com\/ca\/wp-json\/wp\/v2\/pages\/86\/revisions\/324"}],"wp:attachment":[{"href":"https:\/\/www.abogadoinmobiliariourbanismo.com\/ca\/wp-json\/wp\/v2\/media?parent=86"}],"curies":[{"name":"wp","href":"https:\/\/api.w.org\/{rel}","templated":true}]}}