{"id":82,"date":"2025-11-26T23:59:58","date_gmt":"2025-11-26T23:59:58","guid":{"rendered":"https:\/\/www.abogadoinmobiliariourbanismo.com\/?page_id=82"},"modified":"2026-02-01T21:49:19","modified_gmt":"2026-02-01T21:49:19","slug":"servicios-juridicos","status":"publish","type":"page","link":"https:\/\/www.abogadoinmobiliariourbanismo.com\/ca\/servicios-juridicos\/","title":{"rendered":"Serveis juridics"},"content":{"rendered":"<ul class=\"wp-block-list\"><\/ul>\n\n\n\n<p><\/p>","protected":false},"excerpt":{"rendered":"","protected":false},"author":1,"featured_media":0,"parent":0,"menu_order":0,"comment_status":"closed","ping_status":"closed","template":"","meta":{"footnotes":""},"class_list":["post-82","page","type-page","status-publish","hentry"],"yoast_head":"<!-- This site is optimized with the Yoast SEO plugin v27.0 - https:\/\/yoast.com\/product\/yoast-seo-wordpress\/ -->\n<title>Servicios jur\u00eddicos - Alexandra D\u00edaz V\u00e1zquez<\/title>\n<meta name=\"description\" content=\"Servicios jur\u00eddicos integrales en herencias, contratos y derecho inmobiliario. Ofrecemos asesoramiento, transparente y eficaz.\" \/>\n<meta name=\"robots\" content=\"index, follow, max-snippet:-1, max-image-preview:large, max-video-preview:-1\" \/>\n<link rel=\"canonical\" href=\"https:\/\/www.abogadoinmobiliariourbanismo.com\/ca\/servicios-juridicos\/\" \/>\n<meta property=\"og:locale\" content=\"ca_ES\" \/>\n<meta property=\"og:type\" content=\"article\" \/>\n<meta property=\"og:title\" content=\"Servicios jur\u00eddicos - Alexandra D\u00edaz V\u00e1zquez\" \/>\n<meta property=\"og:description\" content=\"Servicios jur\u00eddicos integrales en herencias, contratos y derecho inmobiliario. Ofrecemos asesoramiento, transparente y eficaz.\" \/>\n<meta property=\"og:url\" content=\"https:\/\/www.abogadoinmobiliariourbanismo.com\/ca\/servicios-juridicos\/\" \/>\n<meta property=\"og:site_name\" content=\"Alexandra D\u00edaz V\u00e1zquez\" \/>\n<meta property=\"article:modified_time\" content=\"2026-02-01T21:49:19+00:00\" \/>\n<meta property=\"og:image\" content=\"https:\/\/www.abogadoinmobiliariourbanismo.com\/wp-content\/uploads\/2025\/12\/Copilot_20251214_010652-683x1024.png\" \/>\n\t<meta property=\"og:image:width\" content=\"683\" \/>\n\t<meta property=\"og:image:height\" content=\"1024\" \/>\n\t<meta property=\"og:image:type\" content=\"image\/png\" \/>\n<meta name=\"twitter:card\" content=\"summary_large_image\" \/>\n<meta name=\"twitter:label1\" content=\"Temps estimat de lectura\" \/>\n\t<meta name=\"twitter:data1\" content=\"4 minuts\" \/>\n<script type=\"application\/ld+json\" class=\"yoast-schema-graph\">{\"@context\":\"https:\/\/schema.org\",\"@graph\":[{\"@type\":\"WebPage\",\"@id\":\"https:\/\/www.abogadoinmobiliariourbanismo.com\/servicios-juridicos\/\",\"url\":\"https:\/\/www.abogadoinmobiliariourbanismo.com\/servicios-juridicos\/\",\"name\":\"Servicios jur\u00eddicos - Alexandra D\u00edaz V\u00e1zquez\",\"isPartOf\":{\"@id\":\"https:\/\/www.abogadoinmobiliariourbanismo.com\/#website\"},\"primaryImageOfPage\":{\"@id\":\"https:\/\/www.abogadoinmobiliariourbanismo.com\/servicios-juridicos\/#primaryimage\"},\"image\":{\"@id\":\"https:\/\/www.abogadoinmobiliariourbanismo.com\/servicios-juridicos\/#primaryimage\"},\"thumbnailUrl\":\"https:\/\/www.abogadoinmobiliariourbanismo.com\/wp-content\/uploads\/2025\/12\/Copilot_20251214_010652-683x1024.png\",\"datePublished\":\"2025-11-26T23:59:58+00:00\",\"dateModified\":\"2026-02-01T21:49:19+00:00\",\"description\":\"Servicios jur\u00eddicos integrales en herencias, contratos y derecho inmobiliario. Ofrecemos asesoramiento, transparente y eficaz.\",\"breadcrumb\":{\"@id\":\"https:\/\/www.abogadoinmobiliariourbanismo.com\/servicios-juridicos\/#breadcrumb\"},\"inLanguage\":\"ca\",\"potentialAction\":[{\"@type\":\"ReadAction\",\"target\":[\"https:\/\/www.abogadoinmobiliariourbanismo.com\/servicios-juridicos\/\"]}]},{\"@type\":\"ImageObject\",\"inLanguage\":\"ca\",\"@id\":\"https:\/\/www.abogadoinmobiliariourbanismo.com\/servicios-juridicos\/#primaryimage\",\"url\":\"https:\/\/www.abogadoinmobiliariourbanismo.com\/wp-content\/uploads\/2025\/12\/Copilot_20251214_010652-683x1024.png\",\"contentUrl\":\"https:\/\/www.abogadoinmobiliariourbanismo.com\/wp-content\/uploads\/2025\/12\/Copilot_20251214_010652-683x1024.png\"},{\"@type\":\"BreadcrumbList\",\"@id\":\"https:\/\/www.abogadoinmobiliariourbanismo.com\/servicios-juridicos\/#breadcrumb\",\"itemListElement\":[{\"@type\":\"ListItem\",\"position\":1,\"name\":\"Portada\",\"item\":\"https:\/\/www.abogadoinmobiliariourbanismo.com\/\"},{\"@type\":\"ListItem\",\"position\":2,\"name\":\"Servicios jur\u00eddicos\"}]},{\"@type\":\"WebSite\",\"@id\":\"https:\/\/www.abogadoinmobiliariourbanismo.com\/#website\",\"url\":\"https:\/\/www.abogadoinmobiliariourbanismo.com\/\",\"name\":\"Abogada especialista\",\"description\":\"Especialista en derecho inmobiliario, urbanismo y herencias\",\"publisher\":{\"@id\":\"https:\/\/www.abogadoinmobiliariourbanismo.com\/#organization\"},\"potentialAction\":[{\"@type\":\"SearchAction\",\"target\":{\"@type\":\"EntryPoint\",\"urlTemplate\":\"https:\/\/www.abogadoinmobiliariourbanismo.com\/?s={search_term_string}\"},\"query-input\":{\"@type\":\"PropertyValueSpecification\",\"valueRequired\":true,\"valueName\":\"search_term_string\"}}],\"inLanguage\":\"ca\"},{\"@type\":\"Organization\",\"@id\":\"https:\/\/www.abogadoinmobiliariourbanismo.com\/#organization\",\"name\":\"Abogada especialista\",\"url\":\"https:\/\/www.abogadoinmobiliariourbanismo.com\/\",\"logo\":{\"@type\":\"ImageObject\",\"inLanguage\":\"ca\",\"@id\":\"https:\/\/www.abogadoinmobiliariourbanismo.com\/#\/schema\/logo\/image\/\",\"url\":\"https:\/\/www.abogadoinmobiliariourbanismo.com\/wp-content\/uploads\/2025\/12\/cropped-icono-sin-letras.png\",\"contentUrl\":\"https:\/\/www.abogadoinmobiliariourbanismo.com\/wp-content\/uploads\/2025\/12\/cropped-icono-sin-letras.png\",\"width\":250,\"height\":250,\"caption\":\"Abogada especialista\"},\"image\":{\"@id\":\"https:\/\/www.abogadoinmobiliariourbanismo.com\/#\/schema\/logo\/image\/\"}}]}<\/script>\n<!-- \/ Yoast SEO plugin. -->","yoast_head_json":{"title":"Servicios jur\u00eddicos - Alexandra D\u00edaz V\u00e1zquez","description":"Servicios jur\u00eddicos integrales en herencias, contratos y derecho inmobiliario. Ofrecemos asesoramiento, transparente y eficaz.","robots":{"index":"index","follow":"follow","max-snippet":"max-snippet:-1","max-image-preview":"max-image-preview:large","max-video-preview":"max-video-preview:-1"},"canonical":"https:\/\/www.abogadoinmobiliariourbanismo.com\/ca\/servicios-juridicos\/","og_locale":"ca_ES","og_type":"article","og_title":"Servicios jur\u00eddicos - Alexandra D\u00edaz V\u00e1zquez","og_description":"Servicios jur\u00eddicos integrales en herencias, contratos y derecho inmobiliario. Ofrecemos asesoramiento, transparente y eficaz.","og_url":"https:\/\/www.abogadoinmobiliariourbanismo.com\/ca\/servicios-juridicos\/","og_site_name":"Alexandra D\u00edaz V\u00e1zquez","article_modified_time":"2026-02-01T21:49:19+00:00","og_image":[{"width":683,"height":1024,"url":"https:\/\/www.abogadoinmobiliariourbanismo.com\/wp-content\/uploads\/2025\/12\/Copilot_20251214_010652-683x1024.png","type":"image\/png"}],"twitter_card":"summary_large_image","twitter_misc":{"Temps estimat de lectura":"4 minuts"},"schema":{"@context":"https:\/\/schema.org","@graph":[{"@type":"WebPage","@id":"https:\/\/www.abogadoinmobiliariourbanismo.com\/servicios-juridicos\/","url":"https:\/\/www.abogadoinmobiliariourbanismo.com\/servicios-juridicos\/","name":"Servicios jur\u00eddicos - Alexandra D\u00edaz V\u00e1zquez","isPartOf":{"@id":"https:\/\/www.abogadoinmobiliariourbanismo.com\/#website"},"primaryImageOfPage":{"@id":"https:\/\/www.abogadoinmobiliariourbanismo.com\/servicios-juridicos\/#primaryimage"},"image":{"@id":"https:\/\/www.abogadoinmobiliariourbanismo.com\/servicios-juridicos\/#primaryimage"},"thumbnailUrl":"https:\/\/www.abogadoinmobiliariourbanismo.com\/wp-content\/uploads\/2025\/12\/Copilot_20251214_010652-683x1024.png","datePublished":"2025-11-26T23:59:58+00:00","dateModified":"2026-02-01T21:49:19+00:00","description":"Servicios jur\u00eddicos integrales en herencias, contratos y derecho inmobiliario. Ofrecemos asesoramiento, transparente y eficaz.","breadcrumb":{"@id":"https:\/\/www.abogadoinmobiliariourbanismo.com\/servicios-juridicos\/#breadcrumb"},"inLanguage":"ca","potentialAction":[{"@type":"ReadAction","target":["https:\/\/www.abogadoinmobiliariourbanismo.com\/servicios-juridicos\/"]}]},{"@type":"ImageObject","inLanguage":"ca","@id":"https:\/\/www.abogadoinmobiliariourbanismo.com\/servicios-juridicos\/#primaryimage","url":"https:\/\/www.abogadoinmobiliariourbanismo.com\/wp-content\/uploads\/2025\/12\/Copilot_20251214_010652-683x1024.png","contentUrl":"https:\/\/www.abogadoinmobiliariourbanismo.com\/wp-content\/uploads\/2025\/12\/Copilot_20251214_010652-683x1024.png"},{"@type":"BreadcrumbList","@id":"https:\/\/www.abogadoinmobiliariourbanismo.com\/servicios-juridicos\/#breadcrumb","itemListElement":[{"@type":"ListItem","position":1,"name":"Portada","item":"https:\/\/www.abogadoinmobiliariourbanismo.com\/"},{"@type":"ListItem","position":2,"name":"Servicios jur\u00eddicos"}]},{"@type":"WebSite","@id":"https:\/\/www.abogadoinmobiliariourbanismo.com\/#website","url":"https:\/\/www.abogadoinmobiliariourbanismo.com\/","name":"Advocada especialista","description":"Especialista en dret immobiliari, urbanisme i her\u00e8ncies.","publisher":{"@id":"https:\/\/www.abogadoinmobiliariourbanismo.com\/#organization"},"potentialAction":[{"@type":"SearchAction","target":{"@type":"EntryPoint","urlTemplate":"https:\/\/www.abogadoinmobiliariourbanismo.com\/?s={search_term_string}"},"query-input":{"@type":"PropertyValueSpecification","valueRequired":true,"valueName":"search_term_string"}}],"inLanguage":"ca"},{"@type":"Organization","@id":"https:\/\/www.abogadoinmobiliariourbanismo.com\/#organization","name":"Advocada especialista","url":"https:\/\/www.abogadoinmobiliariourbanismo.com\/","logo":{"@type":"ImageObject","inLanguage":"ca","@id":"https:\/\/www.abogadoinmobiliariourbanismo.com\/#\/schema\/logo\/image\/","url":"https:\/\/www.abogadoinmobiliariourbanismo.com\/wp-content\/uploads\/2025\/12\/cropped-icono-sin-letras.png","contentUrl":"https:\/\/www.abogadoinmobiliariourbanismo.com\/wp-content\/uploads\/2025\/12\/cropped-icono-sin-letras.png","width":250,"height":250,"caption":"Abogada especialista"},"image":{"@id":"https:\/\/www.abogadoinmobiliariourbanismo.com\/#\/schema\/logo\/image\/"}}]}},"_links":{"self":[{"href":"https:\/\/www.abogadoinmobiliariourbanismo.com\/ca\/wp-json\/wp\/v2\/pages\/82","targetHints":{"allow":["GET"]}}],"collection":[{"href":"https:\/\/www.abogadoinmobiliariourbanismo.com\/ca\/wp-json\/wp\/v2\/pages"}],"about":[{"href":"https:\/\/www.abogadoinmobiliariourbanismo.com\/ca\/wp-json\/wp\/v2\/types\/page"}],"author":[{"embeddable":true,"href":"https:\/\/www.abogadoinmobiliariourbanismo.com\/ca\/wp-json\/wp\/v2\/users\/1"}],"replies":[{"embeddable":true,"href":"https:\/\/www.abogadoinmobiliariourbanismo.com\/ca\/wp-json\/wp\/v2\/comments?post=82"}],"version-history":[{"count":129,"href":"https:\/\/www.abogadoinmobiliariourbanismo.com\/ca\/wp-json\/wp\/v2\/pages\/82\/revisions"}],"predecessor-version":[{"id":564,"href":"https:\/\/www.abogadoinmobiliariourbanismo.com\/ca\/wp-json\/wp\/v2\/pages\/82\/revisions\/564"}],"wp:attachment":[{"href":"https:\/\/www.abogadoinmobiliariourbanismo.com\/ca\/wp-json\/wp\/v2\/media?parent=82"}],"curies":[{"name":"wp","href":"https:\/\/api.w.org\/{rel}","templated":true}]}}