{"id":78,"date":"2025-11-26T23:57:28","date_gmt":"2025-11-26T23:57:28","guid":{"rendered":"https:\/\/www.abogadoinmobiliariourbanismo.com\/?page_id=78"},"modified":"2025-11-27T23:08:59","modified_gmt":"2025-11-27T23:08:59","slug":"sobre-mi","status":"publish","type":"page","link":"https:\/\/www.abogadoinmobiliariourbanismo.com\/ca\/sobre-mi\/","title":{"rendered":"Sobre mi"},"content":{"rendered":"<p>El meu nom \u00e9s Alexandra D\u00edaz V\u00e1zquez i vull donar-vos la benvinguda al meu nou espai virtual.<\/p>\n\n\n\n<p>La meva traject\u00f2ria professional va comen\u00e7ar l\u2019any 2022, primerament en una assessoria jur\u00eddica i despr\u00e9s en un bufet d\u2019advocats, fins que al gener del 2025 em vaig endinsar a l\u2019aventura de l\u2019advocacia com a aut\u00f2noma amb l\u2019objectiu de donar un tracte amb les tres P \u201cProper, Personal i Personalitzat\u201d a cada situaci\u00f3, ja siguin particulars, empreses o entitats p\u00fabliques, perqu\u00e8 com sempre he dit: \u201cNo es tracta nom\u00e9s de tenir coneixements o experi\u00e8ncia, sin\u00f3 tamb\u00e9 de conrear un intangible essencial: la confian\u00e7a entre client i advocat\u201d.<\/p>\n\n\n\n<p>Soc una advocada col\u00b7legiada a l\u2019Il\u00b7lustre Col\u00b7legi de l\u2019Advocacia de Barcelona (ICAB) especialista en Dret Immobiliari, en Dret Urban\u00edstic i en Dret de Successions respecte dels immobles en les her\u00e8ncies.<\/p>\n\n\n\n<p>Entre les meves titulacions m\u00e9s rellevants es troben les seg\u00fcents:<\/p>\n\n\n\n<ul class=\"wp-block-list\">\n<li>Grau en Dret (Universitat Aut\u00f2noma de Barcelona).<\/li>\n\n\n\n<li>M\u00e0ster d\u2019Acc\u00e9s a l\u2019Advocacia (Universitat Aut\u00f2noma de Barcelona).<\/li>\n\n\n\n<li>M\u00e0ster en Dret Immobiliari (Il\u00b7lustre Col\u00b7legi de l\u2019Advocacia de Barcelona).<\/li>\n\n\n\n<li>Curs en Fiscalitat pr\u00e0ctica de l\u2019Impost sobre Successions (Il\u00b7lustre Col\u00b7legi de l\u2019Advocacia de Barcelona).<\/li>\n<\/ul>\n\n\n\n<p>A m\u00e9s, actualment estic cursant el M\u00e0ster en Dret Urban\u00edstic a Il\u00b7lustre Col\u00b7legi de l\u2019Advocacia de Barcelona, a m\u00e9s d\u2019assistir als Congressos anuals de Dret Immobiliari i Ocupaci\u00f3 Il\u00b7legal, sempre buscant la major actualitzaci\u00f3 i especialitzaci\u00f3 possible per donar la millor assessoria i estrat\u00e8gia jur\u00eddica als meus clients i a les meves clientes.<\/p>","protected":false},"excerpt":{"rendered":"<p>Mi nombre es Alexandra D\u00edaz V\u00e1zquez y quiero daros la bienvenida a mi nuevo espacio virtual. Mi trayectoria profesional empez\u00f3 en el a\u00f1o 2022, primeramente en una asesor\u00eda jur\u00eddica y despu\u00e9s en un bufete de abogados, hasta que en enero de 2025 me adentr\u00e9 en la aventura de la abogac\u00eda como aut\u00f3noma con el objetivo &hellip; <\/p>\n<p class=\"link-more\"><a href=\"https:\/\/www.abogadoinmobiliariourbanismo.com\/ca\/sobre-mi\/\" class=\"more-link\">Continua llegint <span class=\"screen-reader-text\">\u00abSobre mi\u00bb<\/span><\/a><\/p>","protected":false},"author":1,"featured_media":0,"parent":0,"menu_order":0,"comment_status":"closed","ping_status":"closed","template":"","meta":{"footnotes":""},"class_list":["post-78","page","type-page","status-publish","hentry"],"yoast_head":"<!-- This site is optimized with the Yoast SEO plugin v27.0 - https:\/\/yoast.com\/product\/yoast-seo-wordpress\/ -->\n<title>Sobre mi - Alexandra D\u00edaz V\u00e1zquez<\/title>\n<meta name=\"robots\" content=\"index, follow, max-snippet:-1, max-image-preview:large, max-video-preview:-1\" \/>\n<link rel=\"canonical\" href=\"https:\/\/www.abogadoinmobiliariourbanismo.com\/ca\/sobre-mi\/\" \/>\n<meta property=\"og:locale\" content=\"ca_ES\" \/>\n<meta property=\"og:type\" content=\"article\" \/>\n<meta property=\"og:title\" content=\"Sobre mi - Alexandra D\u00edaz V\u00e1zquez\" \/>\n<meta property=\"og:description\" content=\"Mi nombre es Alexandra D\u00edaz V\u00e1zquez y quiero daros la bienvenida a mi nuevo espacio virtual. Mi trayectoria profesional empez\u00f3 en el a\u00f1o 2022, primeramente en una asesor\u00eda jur\u00eddica y despu\u00e9s en un bufete de abogados, hasta que en enero de 2025 me adentr\u00e9 en la aventura de la abogac\u00eda como aut\u00f3noma con el objetivo &hellip; Continua llegint \u00abSobre mi\u00bb\" \/>\n<meta property=\"og:url\" content=\"https:\/\/www.abogadoinmobiliariourbanismo.com\/ca\/sobre-mi\/\" \/>\n<meta property=\"og:site_name\" content=\"Alexandra D\u00edaz V\u00e1zquez\" \/>\n<meta property=\"article:modified_time\" content=\"2025-11-27T23:08:59+00:00\" \/>\n<meta name=\"twitter:card\" content=\"summary_large_image\" \/>\n<meta name=\"twitter:label1\" content=\"Temps estimat de lectura\" \/>\n\t<meta name=\"twitter:data1\" content=\"1 minut\" \/>\n<script type=\"application\/ld+json\" class=\"yoast-schema-graph\">{\"@context\":\"https:\/\/schema.org\",\"@graph\":[{\"@type\":\"WebPage\",\"@id\":\"https:\/\/www.abogadoinmobiliariourbanismo.com\/sobre-mi\/\",\"url\":\"https:\/\/www.abogadoinmobiliariourbanismo.com\/sobre-mi\/\",\"name\":\"Sobre mi - Alexandra D\u00edaz V\u00e1zquez\",\"isPartOf\":{\"@id\":\"https:\/\/www.abogadoinmobiliariourbanismo.com\/#website\"},\"datePublished\":\"2025-11-26T23:57:28+00:00\",\"dateModified\":\"2025-11-27T23:08:59+00:00\",\"breadcrumb\":{\"@id\":\"https:\/\/www.abogadoinmobiliariourbanismo.com\/sobre-mi\/#breadcrumb\"},\"inLanguage\":\"ca\",\"potentialAction\":[{\"@type\":\"ReadAction\",\"target\":[\"https:\/\/www.abogadoinmobiliariourbanismo.com\/sobre-mi\/\"]}]},{\"@type\":\"BreadcrumbList\",\"@id\":\"https:\/\/www.abogadoinmobiliariourbanismo.com\/sobre-mi\/#breadcrumb\",\"itemListElement\":[{\"@type\":\"ListItem\",\"position\":1,\"name\":\"Portada\",\"item\":\"https:\/\/www.abogadoinmobiliariourbanismo.com\/\"},{\"@type\":\"ListItem\",\"position\":2,\"name\":\"Sobre mi\"}]},{\"@type\":\"WebSite\",\"@id\":\"https:\/\/www.abogadoinmobiliariourbanismo.com\/#website\",\"url\":\"https:\/\/www.abogadoinmobiliariourbanismo.com\/\",\"name\":\"Abogada especialista\",\"description\":\"Especialista en derecho inmobiliario, urbanismo y herencias\",\"publisher\":{\"@id\":\"https:\/\/www.abogadoinmobiliariourbanismo.com\/#organization\"},\"potentialAction\":[{\"@type\":\"SearchAction\",\"target\":{\"@type\":\"EntryPoint\",\"urlTemplate\":\"https:\/\/www.abogadoinmobiliariourbanismo.com\/?s={search_term_string}\"},\"query-input\":{\"@type\":\"PropertyValueSpecification\",\"valueRequired\":true,\"valueName\":\"search_term_string\"}}],\"inLanguage\":\"ca\"},{\"@type\":\"Organization\",\"@id\":\"https:\/\/www.abogadoinmobiliariourbanismo.com\/#organization\",\"name\":\"Abogada especialista\",\"url\":\"https:\/\/www.abogadoinmobiliariourbanismo.com\/\",\"logo\":{\"@type\":\"ImageObject\",\"inLanguage\":\"ca\",\"@id\":\"https:\/\/www.abogadoinmobiliariourbanismo.com\/#\/schema\/logo\/image\/\",\"url\":\"https:\/\/www.abogadoinmobiliariourbanismo.com\/wp-content\/uploads\/2025\/12\/cropped-icono-sin-letras.png\",\"contentUrl\":\"https:\/\/www.abogadoinmobiliariourbanismo.com\/wp-content\/uploads\/2025\/12\/cropped-icono-sin-letras.png\",\"width\":250,\"height\":250,\"caption\":\"Abogada especialista\"},\"image\":{\"@id\":\"https:\/\/www.abogadoinmobiliariourbanismo.com\/#\/schema\/logo\/image\/\"}}]}<\/script>\n<!-- \/ Yoast SEO plugin. -->","yoast_head_json":{"title":"Sobre mi - Alexandra D\u00edaz V\u00e1zquez","robots":{"index":"index","follow":"follow","max-snippet":"max-snippet:-1","max-image-preview":"max-image-preview:large","max-video-preview":"max-video-preview:-1"},"canonical":"https:\/\/www.abogadoinmobiliariourbanismo.com\/ca\/sobre-mi\/","og_locale":"ca_ES","og_type":"article","og_title":"Sobre mi - Alexandra D\u00edaz V\u00e1zquez","og_description":"Mi nombre es Alexandra D\u00edaz V\u00e1zquez y quiero daros la bienvenida a mi nuevo espacio virtual. Mi trayectoria profesional empez\u00f3 en el a\u00f1o 2022, primeramente en una asesor\u00eda jur\u00eddica y despu\u00e9s en un bufete de abogados, hasta que en enero de 2025 me adentr\u00e9 en la aventura de la abogac\u00eda como aut\u00f3noma con el objetivo &hellip; Continua llegint \u00abSobre mi\u00bb","og_url":"https:\/\/www.abogadoinmobiliariourbanismo.com\/ca\/sobre-mi\/","og_site_name":"Alexandra D\u00edaz V\u00e1zquez","article_modified_time":"2025-11-27T23:08:59+00:00","twitter_card":"summary_large_image","twitter_misc":{"Temps estimat de lectura":"1 minut"},"schema":{"@context":"https:\/\/schema.org","@graph":[{"@type":"WebPage","@id":"https:\/\/www.abogadoinmobiliariourbanismo.com\/sobre-mi\/","url":"https:\/\/www.abogadoinmobiliariourbanismo.com\/sobre-mi\/","name":"Sobre mi - Alexandra D\u00edaz V\u00e1zquez","isPartOf":{"@id":"https:\/\/www.abogadoinmobiliariourbanismo.com\/#website"},"datePublished":"2025-11-26T23:57:28+00:00","dateModified":"2025-11-27T23:08:59+00:00","breadcrumb":{"@id":"https:\/\/www.abogadoinmobiliariourbanismo.com\/sobre-mi\/#breadcrumb"},"inLanguage":"ca","potentialAction":[{"@type":"ReadAction","target":["https:\/\/www.abogadoinmobiliariourbanismo.com\/sobre-mi\/"]}]},{"@type":"BreadcrumbList","@id":"https:\/\/www.abogadoinmobiliariourbanismo.com\/sobre-mi\/#breadcrumb","itemListElement":[{"@type":"ListItem","position":1,"name":"Portada","item":"https:\/\/www.abogadoinmobiliariourbanismo.com\/"},{"@type":"ListItem","position":2,"name":"Sobre mi"}]},{"@type":"WebSite","@id":"https:\/\/www.abogadoinmobiliariourbanismo.com\/#website","url":"https:\/\/www.abogadoinmobiliariourbanismo.com\/","name":"Advocada especialista","description":"Especialista en dret immobiliari, urbanisme i her\u00e8ncies.","publisher":{"@id":"https:\/\/www.abogadoinmobiliariourbanismo.com\/#organization"},"potentialAction":[{"@type":"SearchAction","target":{"@type":"EntryPoint","urlTemplate":"https:\/\/www.abogadoinmobiliariourbanismo.com\/?s={search_term_string}"},"query-input":{"@type":"PropertyValueSpecification","valueRequired":true,"valueName":"search_term_string"}}],"inLanguage":"ca"},{"@type":"Organization","@id":"https:\/\/www.abogadoinmobiliariourbanismo.com\/#organization","name":"Advocada especialista","url":"https:\/\/www.abogadoinmobiliariourbanismo.com\/","logo":{"@type":"ImageObject","inLanguage":"ca","@id":"https:\/\/www.abogadoinmobiliariourbanismo.com\/#\/schema\/logo\/image\/","url":"https:\/\/www.abogadoinmobiliariourbanismo.com\/wp-content\/uploads\/2025\/12\/cropped-icono-sin-letras.png","contentUrl":"https:\/\/www.abogadoinmobiliariourbanismo.com\/wp-content\/uploads\/2025\/12\/cropped-icono-sin-letras.png","width":250,"height":250,"caption":"Abogada especialista"},"image":{"@id":"https:\/\/www.abogadoinmobiliariourbanismo.com\/#\/schema\/logo\/image\/"}}]}},"_links":{"self":[{"href":"https:\/\/www.abogadoinmobiliariourbanismo.com\/ca\/wp-json\/wp\/v2\/pages\/78","targetHints":{"allow":["GET"]}}],"collection":[{"href":"https:\/\/www.abogadoinmobiliariourbanismo.com\/ca\/wp-json\/wp\/v2\/pages"}],"about":[{"href":"https:\/\/www.abogadoinmobiliariourbanismo.com\/ca\/wp-json\/wp\/v2\/types\/page"}],"author":[{"embeddable":true,"href":"https:\/\/www.abogadoinmobiliariourbanismo.com\/ca\/wp-json\/wp\/v2\/users\/1"}],"replies":[{"embeddable":true,"href":"https:\/\/www.abogadoinmobiliariourbanismo.com\/ca\/wp-json\/wp\/v2\/comments?post=78"}],"version-history":[{"count":3,"href":"https:\/\/www.abogadoinmobiliariourbanismo.com\/ca\/wp-json\/wp\/v2\/pages\/78\/revisions"}],"predecessor-version":[{"id":250,"href":"https:\/\/www.abogadoinmobiliariourbanismo.com\/ca\/wp-json\/wp\/v2\/pages\/78\/revisions\/250"}],"wp:attachment":[{"href":"https:\/\/www.abogadoinmobiliariourbanismo.com\/ca\/wp-json\/wp\/v2\/media?parent=78"}],"curies":[{"name":"wp","href":"https:\/\/api.w.org\/{rel}","templated":true}]}}